{"id":83,"date":"2019-10-06T19:57:53","date_gmt":"2019-10-06T19:57:53","guid":{"rendered":"http:\/\/schatzinsel.online\/?page_id=83"},"modified":"2020-11-13T18:31:23","modified_gmt":"2020-11-13T17:31:23","slug":"neugestaltung-aussengelaende","status":"publish","type":"page","link":"https:\/\/schatzinsel.online\/?page_id=83","title":{"rendered":"Neugestaltung   Au\u00dfengel\u00e4nde"},"content":{"rendered":"\n<p>August 2020<\/p>\n\n\n\n<p><strong>Wahnsinn<\/strong>&#8211; es ist endlich geschafft. Nach vielen vielen Jahren wurde unser Traum von einem Naturnahen und vor allem f\u00fcr jedes Kind, unabh\u00e4ngig seines Entwicklungsstandes, selbstst\u00e4ndig erlebbares Au\u00dfengel\u00e4nde WIRKLICHKEIT!<\/p>\n\n\n\n<p class=\"has-text-align-center\"><strong>Wir sind stolz und Dankbar.<\/strong><\/p>\n\n\n\n<p>Die tolle und vertrauensvolle Zusammenarbeit der Eltern und Mitarbeiter der Schatzinsel, hat das Unm\u00f6gliche m\u00f6glich gemacht.<\/p>\n\n\n\n<p class=\"has-text-align-center\">Ebenfalls m\u00f6chten wir uns bei allen privaten Spenden und allen Sponsoren bedanken.<\/p>\n\n\n\n<p>Ohne Eltern, Einnahmen der Feste und Basare, Verkauf unserer Schatzinsel-CD, Pfandflaschen sammeln, Spende der Sparkasse Bochum, des Flughafens D\u00fcsseldorf, Vonovia, Ikea und durch das B\u00fcrgerprojekt der Stadwerke Bochum &#8222;Wof\u00fcr schl\u00e4g dein Herz&#8220; , h\u00e4tten wir es nicht geschafft. <\/p>\n\n\n\n<p class=\"has-text-align-center\"><strong>Vielen, vielen Dank !<\/strong><\/p>\n\n\n\n<figure class=\"wp-block-image size-large\"><a href=\"https:\/\/schatzinsel.online\/wp-content\/uploads\/2020\/11\/image0.png\"><img loading=\"lazy\" decoding=\"async\" width=\"768\" height=\"1024\" src=\"https:\/\/schatzinsel.online\/wp-content\/uploads\/2020\/11\/image0-768x1024.png\" alt=\"\" class=\"wp-image-765\" srcset=\"https:\/\/schatzinsel.online\/wp-content\/uploads\/2020\/11\/image0-768x1024.png 768w, https:\/\/schatzinsel.online\/wp-content\/uploads\/2020\/11\/image0-225x300.png 225w, https:\/\/schatzinsel.online\/wp-content\/uploads\/2020\/11\/image0-1152x1536.png 1152w, https:\/\/schatzinsel.online\/wp-content\/uploads\/2020\/11\/image0.png 1440w\" sizes=\"auto, (max-width: 768px) 100vw, 768px\" \/><\/a><\/figure>\n\n\n<a href=\"https:\/\/schatzinsel.online\/wp-content\/uploads\/2020\/09\/Ruhrgebiet-Emscher-38.pdf\" class=\"pdfemb-viewer\" style=\"\" data-width=\"max\" data-height=\"max\" data-toolbar=\"bottom\" data-toolbar-fixed=\"off\">Ruhrgebiet-Emscher-38<\/a>\n<p class=\"wp-block-pdfemb-pdf-embedder-viewer\"><\/p>\n\n\n\n<div class=\"wp-block-file\"><a href=\"https:\/\/schatzinsel.online\/wp-content\/uploads\/2020\/09\/Ruhrgebiet-Emscher-38.pdf\">Zeitung<\/a><a href=\"https:\/\/schatzinsel.online\/wp-content\/uploads\/2020\/09\/Ruhrgebiet-Emscher-38.pdf\" class=\"wp-block-file__button\" download>Herunterladen<\/a><\/div>\n\n\n\n<p><\/p>\n\n\n\n<div class=\"wp-block-group\"><div class=\"wp-block-group__inner-container is-layout-flow wp-block-group-is-layout-flow\">\n<p><\/p>\n<\/div><\/div>\n\n\n\n<p>Ein weiteres St\u00fcck wurde fertiggestellt:<\/p>\n\n\n\n<figure class=\"wp-block-image\"><a href=\"http:\/\/schatzinsel.online\/wp-content\/uploads\/2019\/10\/P1080881b-Gro\u00df.jpg\" target=\"_blank\" rel=\"noreferrer noopener\"><img loading=\"lazy\" decoding=\"async\" width=\"1024\" height=\"683\" src=\"http:\/\/schatzinsel.online\/wp-content\/uploads\/2019\/10\/P1080881b-Gro\u00df-1024x683.jpg\" alt=\"\" class=\"wp-image-169\" srcset=\"https:\/\/schatzinsel.online\/wp-content\/uploads\/2019\/10\/P1080881b-Gro\u00df-1024x683.jpg 1024w, https:\/\/schatzinsel.online\/wp-content\/uploads\/2019\/10\/P1080881b-Gro\u00df-300x200.jpg 300w, https:\/\/schatzinsel.online\/wp-content\/uploads\/2019\/10\/P1080881b-Gro\u00df-768x512.jpg 768w, https:\/\/schatzinsel.online\/wp-content\/uploads\/2019\/10\/P1080881b-Gro\u00df.jpg 1619w\" sizes=\"auto, (max-width: 1024px) 100vw, 1024px\" \/><\/a><\/figure>\n\n\n\n<figure class=\"wp-block-image\"><img decoding=\"async\" src=\"http:\/\/schatzinsel.online\/wp-content\/uploads\/2019\/10\/42121914.jpg\" alt=\"\" class=\"wp-image-105\"\/><\/figure>\n\n\n\n<p>&nbsp;Wir haben beim Voting die F\u00f6rderung in H\u00f6he von 14.500,- \u20ac bekommen!<\/p>\n\n\n\n<p>Vielen Dank allen die dabei mitgemacht und f\u00fcr unser Projekt gestimmt haben.<\/p>\n\n\n\n<p><strong>Umgestaltung des Au\u00dfengel\u00e4ndes<\/strong><\/p>\n\n\n\n<p>Der erste Bauabschnitt ist beendet.<br><\/p>\n\n\n\n<p><em><strong>vorher:<\/strong><\/em><\/p>\n\n\n\n<figure class=\"wp-block-image\"><a href=\"http:\/\/schatzinsel.online\/wp-content\/uploads\/2019\/10\/52354112.jpg\" target=\"_blank\" rel=\"noreferrer noopener\"><img loading=\"lazy\" decoding=\"async\" width=\"600\" height=\"450\" src=\"http:\/\/schatzinsel.online\/wp-content\/uploads\/2019\/10\/52354112.jpg\" alt=\"vorher\" class=\"wp-image-107\" srcset=\"https:\/\/schatzinsel.online\/wp-content\/uploads\/2019\/10\/52354112.jpg 600w, https:\/\/schatzinsel.online\/wp-content\/uploads\/2019\/10\/52354112-300x225.jpg 300w\" sizes=\"auto, (max-width: 600px) 100vw, 600px\" \/><\/a><figcaption>vorher<\/figcaption><\/figure>\n\n\n\n<p><em><strong>nachher:<\/strong><\/em><\/p>\n\n\n\n<figure class=\"wp-block-image\"><a href=\"http:\/\/schatzinsel.online\/wp-content\/uploads\/2019\/10\/53179498.jpg\" target=\"_blank\" rel=\"noreferrer noopener\"><img loading=\"lazy\" decoding=\"async\" width=\"529\" height=\"450\" src=\"http:\/\/schatzinsel.online\/wp-content\/uploads\/2019\/10\/53179498.jpg\" alt=\"\" class=\"wp-image-106\" srcset=\"https:\/\/schatzinsel.online\/wp-content\/uploads\/2019\/10\/53179498.jpg 529w, https:\/\/schatzinsel.online\/wp-content\/uploads\/2019\/10\/53179498-300x255.jpg 300w\" sizes=\"auto, (max-width: 529px) 100vw, 529px\" \/><\/a><\/figure>\n\n\n\n<p><\/p>\n\n\n\n<p>Unsere\n Entscheidung das Au\u00dfengel\u00e4nde komplett  umzustrukturieren, beruht \ndarauf, dass wir den Kindern einen  Bildungsraum erm\u00f6glichen m\u00f6chten, \nder nachhaltig ist. Ein wenig  Eigenkapital der Kita ist vorhanden, \nsodass wir mit einem Teilbereich  schon gestartet sind.<\/p>\n\n\n\n<p>Als  die  Bagger anrollten, herrschte  gro\u00dfe Aufregung  unter den  Kindern. Gut, dass wir so viele gro\u00dfe Fenster haben, und die  Kinder die  Arbeit aus der N\u00e4he miterleben k\u00f6nnen. Um das Au\u00dfengel\u00e4nde  komplett  fertigzustellen, suchen wir noch Sponsoren, die uns  unterst\u00fctzen.<\/p>\n\n\n\n<p>Wenn Sie Ideen haben, mit denen Sie uns unterst\u00fctzen k\u00f6nnen, freuen wir uns, wenn Sie Kontakt mit uns aufnehmen.<\/p>\n\n\n\n<figure class=\"wp-block-image\"><img loading=\"lazy\" decoding=\"async\" width=\"450\" height=\"600\" src=\"http:\/\/schatzinsel.online\/wp-content\/uploads\/2019\/10\/big_52354117_1_450-600.jpg\" alt=\"\" class=\"wp-image-108\" srcset=\"https:\/\/schatzinsel.online\/wp-content\/uploads\/2019\/10\/big_52354117_1_450-600.jpg 450w, https:\/\/schatzinsel.online\/wp-content\/uploads\/2019\/10\/big_52354117_1_450-600-225x300.jpg 225w\" sizes=\"auto, (max-width: 450px) 100vw, 450px\" \/><\/figure>\n\n\n\n<figure class=\"wp-block-image\"><a href=\"http:\/\/schatzinsel.online\/wp-content\/uploads\/2019\/10\/0001-Gro\u00df.jpg\" target=\"_blank\" rel=\"noreferrer noopener\"><img loading=\"lazy\" decoding=\"async\" width=\"1024\" height=\"723\" src=\"http:\/\/schatzinsel.online\/wp-content\/uploads\/2019\/10\/0001-Gro\u00df-1024x723.jpg\" alt=\"\" class=\"wp-image-141\" srcset=\"https:\/\/schatzinsel.online\/wp-content\/uploads\/2019\/10\/0001-Gro\u00df-1024x723.jpg 1024w, https:\/\/schatzinsel.online\/wp-content\/uploads\/2019\/10\/0001-Gro\u00df-300x212.jpg 300w, https:\/\/schatzinsel.online\/wp-content\/uploads\/2019\/10\/0001-Gro\u00df-768x542.jpg 768w, https:\/\/schatzinsel.online\/wp-content\/uploads\/2019\/10\/0001-Gro\u00df.jpg 1529w\" sizes=\"auto, (max-width: 1024px) 100vw, 1024px\" \/><\/a><\/figure>\n","protected":false},"excerpt":{"rendered":"<p>August 2020 Wahnsinn&#8211; es ist endlich geschafft. Nach vielen vielen Jahren wurde unser Traum von einem Naturnahen und vor allem f\u00fcr jedes Kind, unabh\u00e4ngig seines Entwicklungsstandes, selbstst\u00e4ndig erlebbares Au\u00dfengel\u00e4nde WIRKLICHKEIT! Wir sind stolz und Dankbar. Die tolle und vertrauensvolle Zusammenarbeit der Eltern und Mitarbeiter der Schatzinsel, hat das Unm\u00f6gliche m\u00f6glich gemacht. Ebenfalls m\u00f6chten wir uns [&hellip;]<\/p>\n","protected":false},"author":1,"featured_media":0,"parent":0,"menu_order":0,"comment_status":"closed","ping_status":"closed","template":"","meta":{"footnotes":""},"class_list":["post-83","page","type-page","status-publish","hentry"],"_links":{"self":[{"href":"https:\/\/schatzinsel.online\/index.php?rest_route=\/wp\/v2\/pages\/83","targetHints":{"allow":["GET"]}}],"collection":[{"href":"https:\/\/schatzinsel.online\/index.php?rest_route=\/wp\/v2\/pages"}],"about":[{"href":"https:\/\/schatzinsel.online\/index.php?rest_route=\/wp\/v2\/types\/page"}],"author":[{"embeddable":true,"href":"https:\/\/schatzinsel.online\/index.php?rest_route=\/wp\/v2\/users\/1"}],"replies":[{"embeddable":true,"href":"https:\/\/schatzinsel.online\/index.php?rest_route=%2Fwp%2Fv2%2Fcomments&post=83"}],"version-history":[{"count":24,"href":"https:\/\/schatzinsel.online\/index.php?rest_route=\/wp\/v2\/pages\/83\/revisions"}],"predecessor-version":[{"id":766,"href":"https:\/\/schatzinsel.online\/index.php?rest_route=\/wp\/v2\/pages\/83\/revisions\/766"}],"wp:attachment":[{"href":"https:\/\/schatzinsel.online\/index.php?rest_route=%2Fwp%2Fv2%2Fmedia&parent=83"}],"curies":[{"name":"wp","href":"https:\/\/api.w.org\/{rel}","templated":true}]}}