{"id":492,"date":"2020-04-28T19:10:44","date_gmt":"2020-04-28T17:10:44","guid":{"rendered":"https:\/\/schatzinsel.online\/?page_id=492"},"modified":"2025-11-19T10:33:38","modified_gmt":"2025-11-19T09:33:38","slug":"unser-team-stellt-sich-vor","status":"publish","type":"page","link":"https:\/\/schatzinsel.online\/?page_id=492","title":{"rendered":"Unser Team stellt sich vor"},"content":{"rendered":"\n<p><\/p>\n\n\n\n<h2 class=\"wp-block-heading has-text-align-center\">Rebecca Zipp<\/h2>\n\n\n\n<p class=\"has-text-align-center\">Einrichtungsleitung <\/p>\n\n\n\n<div class=\"wp-block-media-text alignwide is-stacked-on-mobile is-vertically-aligned-center\" style=\"grid-template-columns:44% auto\"><figure class=\"wp-block-media-text__media\"><img loading=\"lazy\" decoding=\"async\" width=\"1024\" height=\"684\" src=\"https:\/\/schatzinsel.online\/wp-content\/uploads\/2020\/11\/Rebecca-1024x684.jpg\" alt=\"\" class=\"wp-image-747 size-full\" srcset=\"https:\/\/schatzinsel.online\/wp-content\/uploads\/2020\/11\/Rebecca-1024x684.jpg 1024w, https:\/\/schatzinsel.online\/wp-content\/uploads\/2020\/11\/Rebecca-300x200.jpg 300w, https:\/\/schatzinsel.online\/wp-content\/uploads\/2020\/11\/Rebecca-768x513.jpg 768w, https:\/\/schatzinsel.online\/wp-content\/uploads\/2020\/11\/Rebecca-1536x1026.jpg 1536w, https:\/\/schatzinsel.online\/wp-content\/uploads\/2020\/11\/Rebecca.jpg 1920w\" sizes=\"auto, (max-width: 1024px) 100vw, 1024px\" \/><\/figure><div class=\"wp-block-media-text__content\">\n<p><strong>Qualifikation<\/strong><\/p>\n\n\n\n<ul class=\"wp-block-list\">\n<li>Staatlich anerkannte Erzieherin<\/li>\n\n\n\n<li>Heilp\u00e4dagogische Zusatzausbilung &#8211; Inklusionsfachkraft<\/li>\n\n\n\n<li>Interne Auditorin zum Evangelischen G\u00fctesiegel BETA<\/li>\n\n\n\n<li>Zertifizierte Elternberaterin<\/li>\n\n\n\n<li>Elterncoach f\u00fcr gelebebte Demokratie<\/li>\n\n\n\n<li>Musikalische F\u00f6rderung<\/li>\n<\/ul>\n\n\n\n<p><strong>Weiterbildungen<\/strong><\/p>\n\n\n\n<ul class=\"wp-block-list\">\n<li>Altersintergrierte Sprachf\u00f6rderung<\/li>\n\n\n\n<li>Kinderschutz in Tageseinrichtungen f\u00fcr Kinder<\/li>\n\n\n\n<li>Interkulturelle \u00d6ffnung<\/li>\n\n\n\n<li>Herausfordendes Verhalten von Kindern<\/li>\n\n\n\n<li>Qualit\u00e4tsmanagement<\/li>\n<\/ul>\n\n\n\n<p><\/p>\n\n\n\n<p><strong>Wissenswertes \u00fcber mich<\/strong><\/p>\n\n\n\n<ul class=\"wp-block-list\">\n<li>Seit 2004 in der Schatzinsel<\/li>\n\n\n\n<li>Meine Schwerpunkte:\n<ul class=\"wp-block-list\">\n<li>Beratung und Unterst\u00fctzung<\/li>\n<\/ul>\n<\/li>\n\n\n\n<li><\/li>\n<\/ul>\n\n\n\n<p><\/p>\n\n\n\n<p><\/p>\n<\/div><\/div>\n\n\n\n<hr class=\"wp-block-separator has-css-opacity is-style-wide\"\/>\n\n\n\n<div class=\"wp-block-group\"><div class=\"wp-block-group__inner-container is-layout-constrained wp-block-group-is-layout-constrained\">\n<hr class=\"wp-block-separator has-css-opacity is-style-wide\"\/>\n\n\n\n<h2 class=\"wp-block-heading has-text-align-center\"><\/h2>\n<\/div><\/div>\n\n\n\n<hr class=\"wp-block-separator has-css-opacity is-style-wide\"\/>\n\n\n\n<h2 class=\"wp-block-heading has-text-align-center\">       Sina Spitzbarth<\/h2>\n\n\n\n<div class=\"wp-block-media-text alignwide is-stacked-on-mobile is-vertically-aligned-center\" style=\"grid-template-columns:35% auto\"><figure class=\"wp-block-media-text__media\"><img decoding=\"async\" src=\"https:\/\/schatzinsel.online\/wp-content\/uploads\/2020\/04\/img_5460.jpg\" alt=\"Dieses Bild hat ein leeres Alt-Attribut. Der Dateiname ist img_5460.jpg\"\/><\/figure><div class=\"wp-block-media-text__content\">\n<p><strong>Qualifikation<\/strong><\/p>\n\n\n\n<ul class=\"wp-block-list\">\n<li>Staatlich anerkannte Erzieherin<\/li>\n<\/ul>\n\n\n\n<p><strong>Weiterbildungen<\/strong><\/p>\n\n\n\n<ul class=\"wp-block-list\">\n<li>Wahrnehmende Beobachtungen<\/li>\n\n\n\n<li>Langzeitfortbildung Religionsp\u00e4dagogik<\/li>\n\n\n\n<li>Alltagsintegrierte Sprachbildung<\/li>\n\n\n\n<li>Partizipation<\/li>\n<\/ul>\n\n\n\n<p><strong>Wissenswertes \u00fcber mich <\/strong><\/p>\n\n\n\n<ul class=\"wp-block-list\">\n<li>Seit 2018 in der Schatzinsel<\/li>\n\n\n\n<li>Das entdecken der Natur und Kreativit\u00e4t sind Schwerpunkte meiner Arbeit <\/li>\n\n\n\n<li>Mich findet man im Bauraum<\/li>\n<\/ul>\n<\/div><\/div>\n\n\n\n<hr class=\"wp-block-separator has-css-opacity is-style-wide\"\/>\n\n\n\n<hr class=\"wp-block-separator has-css-opacity is-style-wide\"\/>\n\n\n\n<h2 class=\"wp-block-heading has-text-align-center\">Laura Kowalik<\/h2>\n\n\n\n<div class=\"wp-block-media-text alignwide is-stacked-on-mobile is-vertically-aligned-center\" style=\"grid-template-columns:47% auto\"><figure class=\"wp-block-media-text__media\"><img decoding=\"async\" src=\"https:\/\/schatzinsel.online\/wp-content\/uploads\/2020\/04\/img_5520-1024x683.jpg\" alt=\"Dieses Bild hat ein leeres Alt-Attribut. Der Dateiname ist img_5520-1024x683.jpg\"\/><\/figure><div class=\"wp-block-media-text__content\">\n<p><strong>Qualifikation<\/strong><\/p>\n\n\n\n<ul class=\"wp-block-list\">\n<li>Staatlich anerkannte Erzieherin<\/li>\n\n\n\n<li>Heilp\u00e4dagogische Langzeitfortbildung &#8211; Inklusionsfachkraft <\/li>\n<\/ul>\n\n\n\n<p><strong>Weiterbildungen<\/strong><\/p>\n\n\n\n<ul class=\"wp-block-list\">\n<li>Interkulturelle Erziehung und Sprachf\u00f6rderung<\/li>\n\n\n\n<li>Teamentwicklung, Moderation und Gespr\u00e4chsf\u00fchrung, Konfliktmanagement <\/li>\n\n\n\n<li>Langzeitfortbildung Religionsp\u00e4dagogik<\/li>\n\n\n\n<li>Religionsp\u00e4dagogischer Erz\u00e4hlworkshop &#8222;Ganz bei mir, ganz bei dir, ganz in der Geschichte&#8220;<\/li>\n<\/ul>\n\n\n\n<p><strong>Wissenswertes \u00fcber mich<\/strong><\/p>\n\n\n\n<ul class=\"wp-block-list\">\n<li>seit Januar 2020 in der Schatzinsel<\/li>\n<\/ul>\n\n\n\n<p><\/p>\n<\/div><\/div>\n\n\n\n<p><\/p>\n\n\n\n<hr class=\"wp-block-separator has-css-opacity is-style-wide\"\/>\n\n\n\n<h2 class=\"wp-block-heading has-text-align-center\">Birke Neumann<\/h2>\n\n\n\n<div class=\"wp-block-media-text alignwide is-stacked-on-mobile is-vertically-aligned-center\" style=\"grid-template-columns:46% auto\"><figure class=\"wp-block-media-text__media\"><img decoding=\"async\" src=\"https:\/\/schatzinsel.online\/wp-content\/uploads\/2020\/04\/img_5552.jpg\" alt=\"\"\/><\/figure><div class=\"wp-block-media-text__content\">\n<p><strong>Qualifikation<\/strong><\/p>\n\n\n\n<ul class=\"wp-block-list\">\n<li>Staatlich anerkannte Erziehererin <\/li>\n\n\n\n<li>Zertifizierte Anti-Gewalt-Trainerin<\/li>\n\n\n\n<li>Fachkraft f\u00fcr U3<\/li>\n<\/ul>\n\n\n\n<p><strong>Weiterbildungen<\/strong><\/p>\n\n\n\n<ul class=\"wp-block-list\">\n<li>Trauma und Bindung<\/li>\n\n\n\n<li>Musikalische Basisschulung<\/li>\n\n\n\n<li>Von der Dokumentation zum Bildungsbuch <\/li>\n\n\n\n<li>Langzeitfortbildung Religionsp\u00e4dagogik<\/li>\n<\/ul>\n\n\n\n<p><strong>Wissenswertes \u00fcber mich <\/strong><\/p>\n\n\n\n<ul class=\"wp-block-list\">\n<li>Seit 2020 in der Schatzinel<\/li>\n\n\n\n<li>Ich bin die Kinderschutzfachkraft der Schatzinsel<\/li>\n\n\n\n<li>Mich findet man im U3 Bereich<\/li>\n<\/ul>\n<\/div><\/div>\n\n\n\n<hr class=\"wp-block-separator has-css-opacity is-style-wide\"\/>\n\n\n\n<h2 class=\"wp-block-heading has-text-align-center\">Jana Heinrich<\/h2>\n\n\n\n<p class=\"has-text-align-center\">Abwesenheitsvertretung<\/p>\n\n\n\n<div class=\"wp-block-media-text alignwide is-stacked-on-mobile is-vertically-aligned-center\" style=\"grid-template-columns:42% auto\"><figure class=\"wp-block-media-text__media\"><img decoding=\"async\" src=\"https:\/\/schatzinsel.online\/wp-content\/uploads\/2020\/04\/img_5544.jpg\" alt=\"\"\/><\/figure><div class=\"wp-block-media-text__content\">\n<p><strong>Qualifikation<\/strong><\/p>\n\n\n\n<ul class=\"wp-block-list\">\n<li>Staatlich anerkannte Erzieherin<\/li>\n\n\n\n<li>Heilp\u00e4dagogische Zusatzausbildung &#8211; Inklusionsfachkraft<\/li>\n<\/ul>\n\n\n\n<p><strong>Weiterbildungen<\/strong><\/p>\n\n\n\n<ul class=\"wp-block-list\">\n<li>BiKuV &#8211; Bewegung im Kindes- und Vorschulalter<\/li>\n\n\n\n<li>Wilde Kerle &#8211; freche G\u00f6ren! Umgang mit Aggressionen<\/li>\n\n\n\n<li>Unterst\u00fctzende Kommunikation<\/li>\n\n\n\n<li>Himmelweiche Streichelwellen- Entspannungstechniken bei Kindern<\/li>\n\n\n\n<li>Alltagsintegrierte Sprachbildung<\/li>\n\n\n\n<li>Einf\u00fchrung in Geb\u00e4rdenunterst\u00fctzende Kommunikation (GuK)<\/li>\n\n\n\n<li>Kinder aus psychisch belasteten Familien st\u00fctzen und f\u00f6rdern<\/li>\n<\/ul>\n\n\n\n<p><strong>Wissenswertes \u00fcber mich <\/strong><\/p>\n\n\n\n<ul class=\"wp-block-list\">\n<li>Seit 2009 in der Schatzinsel<\/li>\n\n\n\n<li>Ehemalige \u00dcbungsleiterin des DjK Preu\u00dfen<\/li>\n\n\n\n<li>Schwerpunkt Bewegung und Inklusion<\/li>\n<\/ul>\n<\/div><\/div>\n\n\n\n<hr class=\"wp-block-separator has-css-opacity is-style-wide\"\/>\n\n\n\n<h2 class=\"wp-block-heading has-text-align-center\">Jacqueline Brosda<\/h2>\n\n\n\n<div class=\"wp-block-media-text alignwide is-stacked-on-mobile\" style=\"grid-template-columns:31% auto\"><figure class=\"wp-block-media-text__media\"><img decoding=\"async\" src=\"https:\/\/schatzinsel.online\/wp-content\/uploads\/2020\/04\/img_5509-683x1024.jpg\" alt=\"\"\/><\/figure><div class=\"wp-block-media-text__content\">\n<p><strong>Qualifikation<\/strong><\/p>\n\n\n\n<ul class=\"wp-block-list\">\n<li>Staatlich anerkannte Erzieherin<\/li>\n\n\n\n<li>Zusatzausbildung U3<\/li>\n<\/ul>\n\n\n\n<p><strong>Fortbildungen<\/strong><\/p>\n\n\n\n<ul class=\"wp-block-list\">\n<li>Langzeitfortbildung Religionsp\u00e4dagogik<\/li>\n\n\n\n<li>Zukunftsmusiker<\/li>\n<\/ul>\n\n\n\n<p><strong>Wissenswertes \u00fcber mich<\/strong><\/p>\n\n\n\n<ul class=\"wp-block-list\">\n<li>Seit 2006 in der Schatzinsel<\/li>\n<\/ul>\n<\/div><\/div>\n\n\n\n<hr class=\"wp-block-separator has-css-opacity is-style-wide\"\/>\n\n\n\n<hr class=\"wp-block-separator has-css-opacity is-style-wide\"\/>\n\n\n\n<h2 class=\"wp-block-heading has-text-align-center\">Andrea Deitermann<\/h2>\n\n\n\n<div class=\"wp-block-media-text alignwide is-stacked-on-mobile\" style=\"grid-template-columns:37% auto\"><figure class=\"wp-block-media-text__media\"><img decoding=\"async\" src=\"https:\/\/schatzinsel.online\/wp-content\/uploads\/2020\/05\/img_5659.jpg\" alt=\"Dieses Bild hat ein leeres Alt-Attribut. Der Dateiname ist img_5659.jpg\"\/><\/figure><div class=\"wp-block-media-text__content\">\n<h2 class=\"wp-block-heading\">Qualifikation<\/h2>\n\n\n\n<ul class=\"wp-block-list\">\n<li>Staatlich anerkannte Erzieherin<\/li>\n\n\n\n<li>Qualifizierung zur Spieko Spielgruppenleitung<\/li>\n\n\n\n<li>Qualifizierung zur Tagespflegeperson<\/li>\n\n\n\n<li>Fachkraft f\u00fcr Sprachkita<\/li>\n<\/ul>\n\n\n\n<h2 class=\"wp-block-heading\">Weiterbildungen<\/h2>\n\n\n\n<ul class=\"wp-block-list\">\n<li>Sprachauff\u00e4lligkeiten bei Kindern<\/li>\n\n\n\n<li>Sexualerziehung bei Kindern<\/li>\n\n\n\n<li>Kirchenr\u00e4ume entdecken<\/li>\n\n\n\n<li>Grenzen und M\u00f6glichkeiten der Elternarbeit<\/li>\n\n\n\n<li>Erkennen von Behinderungsbildern<\/li>\n\n\n\n<li>Langzeitfortbildung &#8222;Fr\u00fche Chancen&#8220;<\/li>\n\n\n\n<li>R\u00e4ume f\u00fcr die Kleinen <\/li>\n\n\n\n<li>Alltagsintegrierte Sprachbildung<\/li>\n<\/ul>\n\n\n\n<h2 class=\"wp-block-heading\">Wissenswertes \u00fcber mich<\/h2>\n\n\n\n<ul class=\"wp-block-list\">\n<li>seit 2012 in der Schatzinsel<\/li>\n\n\n\n<li>2012-2018 in derU3 Gruppe<\/li>\n\n\n\n<li>seit 2018 Sprachfachkraft f\u00fcr Sprach-Kita<\/li>\n\n\n\n<li>lebe mit meiner Familie in Bochum<\/li>\n\n\n\n<li>habe zwei Kinder im Teenageralter<\/li>\n<\/ul>\n\n\n\n<p><\/p>\n<\/div><\/div>\n\n\n\n<hr class=\"wp-block-separator has-css-opacity is-style-wide\"\/>\n\n\n\n<hr class=\"wp-block-separator has-css-opacity is-style-wide\"\/>\n\n\n\n<h2 class=\"wp-block-heading has-text-align-center\"><\/h2>\n\n\n\n<hr class=\"wp-block-separator has-css-opacity is-style-wide\"\/>\n\n\n\n<h2 class=\"wp-block-heading has-text-align-center\">Victoria Steegm\u00fcller<\/h2>\n\n\n\n<div class=\"wp-block-media-text is-stacked-on-mobile\" style=\"grid-template-columns:35% auto\"><figure class=\"wp-block-media-text__media\"><img loading=\"lazy\" decoding=\"async\" width=\"768\" height=\"1024\" src=\"https:\/\/schatzinsel.online\/wp-content\/uploads\/2023\/09\/IMG_1046-768x1024.jpg\" alt=\"\" class=\"wp-image-1321 size-full\" srcset=\"https:\/\/schatzinsel.online\/wp-content\/uploads\/2023\/09\/IMG_1046-768x1024.jpg 768w, https:\/\/schatzinsel.online\/wp-content\/uploads\/2023\/09\/IMG_1046-225x300.jpg 225w, https:\/\/schatzinsel.online\/wp-content\/uploads\/2023\/09\/IMG_1046-1152x1536.jpg 1152w, https:\/\/schatzinsel.online\/wp-content\/uploads\/2023\/09\/IMG_1046.jpg 1440w\" sizes=\"auto, (max-width: 768px) 100vw, 768px\" \/><\/figure><div class=\"wp-block-media-text__content\">\n<p><strong> Qualifikation<\/strong><\/p>\n\n\n\n<ul class=\"wp-block-list\">\n<li>Staatlich anerkannte Erzieherin <\/li>\n<\/ul>\n\n\n\n<p><strong> Weiterbildungen<\/strong><\/p>\n\n\n\n<ul class=\"wp-block-list\">\n<li>Marte Meo <\/li>\n\n\n\n<li>Bewegungsf\u00f6rderung in Verein und Kita<\/li>\n\n\n\n<li>Religionsp\u00e4dagogik<\/li>\n\n\n\n<li>Achtsamkeit im Umgang mit Kindern, Jugendlichen und Schutzbefohlenen <\/li>\n<\/ul>\n\n\n\n<p><strong>Wissenswertes \u00fcber mich <\/strong><\/p>\n\n\n\n<ul class=\"wp-block-list\">\n<li>Ich begleite die Sternchen im U3 Bereich <\/li>\n\n\n\n<li>Ab Oktober 2023 studiere ich berufsbegleitend Soziale Arbeit <\/li>\n<\/ul>\n\n\n\n<p><\/p>\n<\/div><\/div>\n\n\n\n<p>________________________________________________________________________________________________________________<\/p>\n\n\n\n<hr class=\"wp-block-separator has-css-opacity is-style-wide\"\/>\n\n\n\n<h2 class=\"wp-block-heading has-text-align-center\">Ingrid Schultz<\/h2>\n\n\n\n<div class=\"wp-block-media-text alignwide is-stacked-on-mobile\" style=\"grid-template-columns:33% auto\"><figure class=\"wp-block-media-text__media\"><img decoding=\"async\" src=\"https:\/\/schatzinsel.online\/wp-content\/uploads\/2020\/04\/img_5514.jpg\" alt=\"\"\/><\/figure><div class=\"wp-block-media-text__content\">\n<p><strong>Wissenswertes \u00fcber mich<\/strong><\/p>\n\n\n\n<ul class=\"wp-block-list\">\n<li>Seit 2011 in der Schatzinsel <\/li>\n\n\n\n<li>Besch\u00e4ftigt als Hauswirtschaftskraft<\/li>\n<\/ul>\n\n\n\n<p><\/p>\n<\/div><\/div>\n\n\n\n<hr class=\"wp-block-separator has-css-opacity is-style-wide\"\/>\n\n\n\n<p><\/p>\n","protected":false},"excerpt":{"rendered":"<p>Rebecca Zipp Einrichtungsleitung Sina Spitzbarth Laura Kowalik Birke Neumann Jana Heinrich Abwesenheitsvertretung Jacqueline Brosda Andrea Deitermann Victoria Steegm\u00fcller ________________________________________________________________________________________________________________ Ingrid Schultz<\/p>\n","protected":false},"author":1,"featured_media":0,"parent":0,"menu_order":0,"comment_status":"closed","ping_status":"closed","template":"","meta":{"footnotes":""},"class_list":["post-492","page","type-page","status-publish","hentry"],"_links":{"self":[{"href":"https:\/\/schatzinsel.online\/index.php?rest_route=\/wp\/v2\/pages\/492","targetHints":{"allow":["GET"]}}],"collection":[{"href":"https:\/\/schatzinsel.online\/index.php?rest_route=\/wp\/v2\/pages"}],"about":[{"href":"https:\/\/schatzinsel.online\/index.php?rest_route=\/wp\/v2\/types\/page"}],"author":[{"embeddable":true,"href":"https:\/\/schatzinsel.online\/index.php?rest_route=\/wp\/v2\/users\/1"}],"replies":[{"embeddable":true,"href":"https:\/\/schatzinsel.online\/index.php?rest_route=%2Fwp%2Fv2%2Fcomments&post=492"}],"version-history":[{"count":72,"href":"https:\/\/schatzinsel.online\/index.php?rest_route=\/wp\/v2\/pages\/492\/revisions"}],"predecessor-version":[{"id":1585,"href":"https:\/\/schatzinsel.online\/index.php?rest_route=\/wp\/v2\/pages\/492\/revisions\/1585"}],"wp:attachment":[{"href":"https:\/\/schatzinsel.online\/index.php?rest_route=%2Fwp%2Fv2%2Fmedia&parent=492"}],"curies":[{"name":"wp","href":"https:\/\/api.w.org\/{rel}","templated":true}]}}