{"id":24,"date":"2019-10-04T20:39:19","date_gmt":"2019-10-04T20:39:19","guid":{"rendered":"http:\/\/schatzinsel.online\/?page_id=24"},"modified":"2026-03-17T10:09:02","modified_gmt":"2026-03-17T09:09:02","slug":"foerderverein","status":"publish","type":"page","link":"https:\/\/schatzinsel.online\/?page_id=24","title":{"rendered":"F\u00f6rderverein"},"content":{"rendered":"\n<div class=\"wp-block-group\"><div class=\"wp-block-group__inner-container is-layout-constrained wp-block-group-is-layout-constrained\">\n<p class=\"has-text-align-center\"><em>M\u00c4RZ 2026<\/em><\/p>\n\n\n\n<p class=\"has-text-align-center\"><strong>Aktion \u201eRettet den F\u00f6rderverein\u201c<\/strong><\/p>\n\n\n\n<p class=\"has-text-align-center\">Wir suchen dringend aktive Mitglieder f\u00fcr unser Vostandsteam<\/p>\n\n\n\n<p class=\"has-text-align-center\">&#8211; Zwei neue Mitglieder ab September 2026 (Kassenwart und Kassenpr\u00fcfung)<\/p>\n\n\n\n<p class=\"has-text-align-center\">&#8211; Zwei weitere Mitglieder ab September 2027 (1. und 2. Vorstand)<\/p>\n\n\n\n<p class=\"has-text-align-center\">Nur so kann unser F\u00f6rderverein auch im n\u00e4chsten Kita Jahr weiter bestehen bleiben, coole Aktionen planen und mit finanzieren. \ud83d\ude42<\/p>\n<\/div><\/div>\n\n\n\n<p><\/p>\n\n\n\n<p>Liebe Eltern,<\/p>\n\n\n\n<p>an dieser Stelle m\u00f6chten wir uns, den F\u00f6rderverein der Kita Schatzinsel<br>vorstellen.<\/p>\n\n\n\n<p>Unsere Unterst\u00fctzung der Einrichtung bezieht sich in der j\u00fcngeren Vergangenheit vor allem auf&#8230;<\/p>\n\n\n\n<p>-Veranstaltung des Lichterfests im November<br>-Ausrichtung eines Tr\u00f6delmarktes<br>-finanzielle Entlastung bei Anschaffungen und Ausfl\u00fcgen sowie beim<br>Abschlu\u00dffest des Milchzahnwackelclubs<\/p>\n\n\n\n<p>Habt Ihr weitere Ideen, Anregungen oder Fragen? Dann sprecht uns gerne an oder schreibt uns unter <\/p>\n\n\n\n<p>fvschatzinsel@gmx.de<\/p>\n\n\n\n<p><\/p>\n\n\n\n<p>Viele Gr\u00fc\u00dfe<\/p>\n\n\n\n<p>Der F\u00f6rderverein<\/p>\n\n\n\n<p><\/p>\n\n\n\n<p><strong>M\u00f6chten Sie gerne etwas Spenden? Wir sagen Danke!<\/strong><\/p>\n\n\n\n<p> F\u00f6rderverein  Schatzinsel e.V. Sparkasse Bochum, <\/p>\n\n\n\n<p>BIC: WELADED1BOC<\/p>\n\n\n\n<p>IBAN: DE45430500010019402775 <\/p>\n\n\n\n<p><strong>Wollen Sie Mitglied werden? Hier gibt es den Mitgliedsantrag:<\/strong><\/p>\n\n\n\n<div data-wp-interactive=\"core\/file\" class=\"wp-block-file\"><object data-wp-bind--hidden=\"!state.hasPdfPreview\" hidden class=\"wp-block-file__embed\" data=\"https:\/\/schatzinsel.online\/wp-content\/uploads\/2025\/01\/Foerderverein-Antrag-2024.pdf\" type=\"application\/pdf\" style=\"width:100%;height:600px\" aria-label=\"Einbettung von Fo\u0308rderverein-Antrag 2024.\"><\/object><a id=\"wp-block-file--media-b5ca2249-16d2-4ee6-b826-3a6ce20441ae\" href=\"https:\/\/schatzinsel.online\/wp-content\/uploads\/2025\/01\/Foerderverein-Antrag-2024.pdf\">Fo\u0308rderverein-Antrag 2024<\/a><a href=\"https:\/\/schatzinsel.online\/wp-content\/uploads\/2025\/01\/Foerderverein-Antrag-2024.pdf\" class=\"wp-block-file__button wp-element-button\" download aria-describedby=\"wp-block-file--media-b5ca2249-16d2-4ee6-b826-3a6ce20441ae\">Herunterladen<\/a><\/div>\n\n\n\n<div class=\"wp-block-file\"><a href=\"http:\/\/schatzinsel.online\/wp-content\/uploads\/2019\/10\/SEPA_Firmenlastschrift-Mandat_F\u00f6rderverein_Die_Schatzinsel.pdf\">SEPA_Firmenlastschrift-Mandat_F\u00f6rderverein_Die_Schatzinsel<\/a><a href=\"http:\/\/schatzinsel.online\/wp-content\/uploads\/2019\/10\/SEPA_Firmenlastschrift-Mandat_F\u00f6rderverein_Die_Schatzinsel.pdf\" class=\"wp-block-file__button wp-element-button\" download>Herunterladen<\/a><\/div>\n\n\n\n<figure class=\"wp-block-image size-large\"><img loading=\"lazy\" decoding=\"async\" width=\"1024\" height=\"341\" src=\"https:\/\/schatzinsel.online\/wp-content\/uploads\/2025\/01\/LogoSTadt-1-1024x341.jpg\" alt=\"\" class=\"wp-image-1516\" srcset=\"https:\/\/schatzinsel.online\/wp-content\/uploads\/2025\/01\/LogoSTadt-1-1024x341.jpg 1024w, https:\/\/schatzinsel.online\/wp-content\/uploads\/2025\/01\/LogoSTadt-1-300x100.jpg 300w, https:\/\/schatzinsel.online\/wp-content\/uploads\/2025\/01\/LogoSTadt-1-768x256.jpg 768w, https:\/\/schatzinsel.online\/wp-content\/uploads\/2025\/01\/LogoSTadt-1-1536x511.jpg 1536w, https:\/\/schatzinsel.online\/wp-content\/uploads\/2025\/01\/LogoSTadt-1.jpg 1622w\" sizes=\"auto, (max-width: 1024px) 100vw, 1024px\" \/><\/figure>\n","protected":false},"excerpt":{"rendered":"<p>M\u00c4RZ 2026 Aktion \u201eRettet den F\u00f6rderverein\u201c Wir suchen dringend aktive Mitglieder f\u00fcr unser Vostandsteam &#8211; Zwei neue Mitglieder ab September 2026 (Kassenwart und Kassenpr\u00fcfung) &#8211; Zwei weitere Mitglieder ab September 2027 (1. und 2. Vorstand) Nur so kann unser F\u00f6rderverein auch im n\u00e4chsten Kita Jahr weiter bestehen bleiben, coole Aktionen planen und mit finanzieren. \ud83d\ude42 [&hellip;]<\/p>\n","protected":false},"author":1,"featured_media":0,"parent":0,"menu_order":0,"comment_status":"closed","ping_status":"closed","template":"","meta":{"footnotes":""},"class_list":["post-24","page","type-page","status-publish","hentry"],"_links":{"self":[{"href":"https:\/\/schatzinsel.online\/index.php?rest_route=\/wp\/v2\/pages\/24","targetHints":{"allow":["GET"]}}],"collection":[{"href":"https:\/\/schatzinsel.online\/index.php?rest_route=\/wp\/v2\/pages"}],"about":[{"href":"https:\/\/schatzinsel.online\/index.php?rest_route=\/wp\/v2\/types\/page"}],"author":[{"embeddable":true,"href":"https:\/\/schatzinsel.online\/index.php?rest_route=\/wp\/v2\/users\/1"}],"replies":[{"embeddable":true,"href":"https:\/\/schatzinsel.online\/index.php?rest_route=%2Fwp%2Fv2%2Fcomments&post=24"}],"version-history":[{"count":9,"href":"https:\/\/schatzinsel.online\/index.php?rest_route=\/wp\/v2\/pages\/24\/revisions"}],"predecessor-version":[{"id":1616,"href":"https:\/\/schatzinsel.online\/index.php?rest_route=\/wp\/v2\/pages\/24\/revisions\/1616"}],"wp:attachment":[{"href":"https:\/\/schatzinsel.online\/index.php?rest_route=%2Fwp%2Fv2%2Fmedia&parent=24"}],"curies":[{"name":"wp","href":"https:\/\/api.w.org\/{rel}","templated":true}]}}