{"id":22,"date":"2019-10-04T20:38:27","date_gmt":"2019-10-04T20:38:27","guid":{"rendered":"http:\/\/schatzinsel.online\/?page_id=22"},"modified":"2025-12-16T12:15:52","modified_gmt":"2025-12-16T11:15:52","slug":"die-einrichtung","status":"publish","type":"page","link":"https:\/\/schatzinsel.online\/?page_id=22","title":{"rendered":"Die Einrichtung"},"content":{"rendered":"\n<p>Herzlich Wilkommen,<\/p>\n\n\n\n<p><strong>wir sind das evangelische Familienzentrum &#8222;Die Schatzinsel&#8220;<\/strong> und freuen uns, dass sie den Weg zu uns gefunden haben. <\/p>\n\n\n\n<p>Auf unserer Homepage haben Sie die M\u00f6glichkeit, sich ein erstes kleines Bild von uns zu verschaffen :).<\/p>\n\n\n\n<p>Wir sind ein Teil der evangelischen Kindergartengemeinschaft und unser  Tr\u00e4ger ist der Evangelische Kirchenkreis Bochum.<\/p>\n\n\n\n<p>Unser gemeinsames Leitbild:<\/p>\n\n\n\n<div class=\"wp-block-file\"><a id=\"wp-block-file--media-1ae87e41-40b2-4ddd-87bd-b77ee40dca5e\" href=\"https:\/\/schatzinsel.online\/wp-content\/uploads\/2021\/01\/Leitbild-Kindergartengemeinschaft.docx\">Leitbild-Kindergartengemeinschaft<\/a><a href=\"https:\/\/schatzinsel.online\/wp-content\/uploads\/2021\/01\/Leitbild-Kindergartengemeinschaft.docx\" class=\"wp-block-file__button wp-element-button\" download aria-describedby=\"wp-block-file--media-1ae87e41-40b2-4ddd-87bd-b77ee40dca5e\">Herunterladen<\/a><\/div>\n\n\n\n<p><\/p>\n\n\n\n<p><strong>Einrichtungsportrait<\/strong><\/p>\n\n\n\n<p><br>In der Schatzinsel bieten wir  <strong>57 Pl\u00e4tze f\u00fcr  Kinder im Alter von 0 &#8211; 6 Jahren<\/strong> an. <\/p>\n\n\n\n<p><\/p>\n\n\n\n<p>Das Geb\u00e4ude wurde im November 1998 bezogen. Seit Oktober 2012 bieten wir in unserem Anbau die Gruppenform II f\u00fcr Kinder von 0- 3 Jahren an. <\/p>\n\n\n\n<p>Seit September 2008 sind wir <strong>zertifiziertes Familienzentrum<\/strong>, seit 2017 <strong>&#8222;Sprach Kita&#8220;<\/strong> nach dem Bundesprogramm und seit 2016 tragen wir das <strong>evangelische G\u00fctesiegel <\/strong>f\u00fcr Qualit\u00e4tsmanagement.<\/p>\n\n\n\n<p>In unserem Qualit\u00e4tshandbuch wird unsere Arbeit regelm\u00e4\u00dfig reflektiert und unterliegt einem st\u00e4ndigen Verbesserungsprozess.<br><br>Das Team besteht aus 12 p\u00e4dagogischen Fachkr\u00e4ften, welche die Kinder kompetent und liebevoll begleiten und f\u00f6rdern.<\/p>\n\n\n\n<p>Die Kinder sollen bei uns eine gl\u00fcckliche Zeit erleben- spielend, lernend und entdeckend. <\/p>\n\n\n\n<p>Wir wollen die &#8222;Kinder zur Rose machen&#8220;, diese Metapher, die dem wundersch\u00f6nen und p\u00e4dagogisch bedeutsamen Klassiker &#8222;Der kleine Prinz&#8220; von Antoine de Saint Exup\u00e9re entlehnt wurde, steht nicht f\u00fcr ein neues Menschenbild, es steht f\u00fcr den Umgang mit dem Menschen selbst.<\/p>\n\n\n\n<p class=\"has-text-align-center\">Jedes Kind wird in seiner Unverwechselbarkeit angenommen<br><strong>&#8222;Sch\u00f6n, dass es dich gibt und du so bist, wie du bist&#8220;<\/strong><\/p>\n\n\n\n<p>Es geht um die Entwicklung von Eigenst\u00e4ndigkeit, um die Bildung der individuellen Pers\u00f6nlichkeiten.<\/p>\n\n\n\n<p>F\u00fcr uns bedeutet das:<\/p>\n\n\n\n<ul class=\"wp-block-list\">\n<li>das Kind wird als gleichberechtigter Partner gegen\u00fcber Erwachsenen anerkannt<\/li>\n\n\n\n<li>die Selbstachtung des Kindes, die sich nat\u00fcrlich noch in der Entwicklung befindet, wird respektiert und gepflegt<\/li>\n\n\n\n<li>die Autonomie des Kindes, also seine F\u00e4higkeit zum selbstst\u00e4ndigen Entscheiden, Handeln und Wahrnehmen seiner Befindlichkeit wird mit Vertrauen beantwortet und gef\u00f6rdert <\/li>\n<\/ul>\n\n\n\n<p><br>In unserer Kindertageseinrichtung ist die F\u00f6rderung des Zusammenlebens von Kindern aus unterschiedlichen Lebenssituationen selbstverst\u00e4ndlich. <strong>Inklusion<\/strong> ist mehr als Integration, sie ist die M\u00f6glichkeit zur vollst\u00e4ndigen und gleichberechtigten Beteiligung aller Kinder. <\/p>\n\n\n\n<p>Professionell begleitet durch zwei Integrationsfachkr\u00e4fte und verschiedene Therapeuten leben wir Inklusion im Alltag. <br><br><strong>Raumangebot<\/strong><\/p>\n\n\n\n<p>Die R\u00e4ume f\u00fcr die Kinder sind sinnvoll, funktionell, hell, freundlich und  flexibel gestaltet. Die  einzelnen Bildungsr\u00e4ume lassen eine Vielzahl von Aktivit\u00e4ten zu. Alle  Bildungsbereiche werden in gleichen Ma\u00dfen angesprochen (Sprache,  kognitive F\u00e4higkeiten, Grob- und Feinmotorik, soziale Kompetenzen etc.). <\/p>\n\n\n\n<p><br>Unser naturnahes und nachhaltiges Au\u00dfengel\u00e4nde wurde im Mai 2020 fertiggstellt. Jedes Kind, unabh\u00e4ngig seines Entwicklungsstandes kann die ca. 1000qm selbstst\u00e4ndig erleben. <\/p>\n\n\n\n<p><br>Hier ein kleiner Einblick in unsere R\u00e4ume &#8230;<\/p>\n\n\n\n<p><strong>Der U3 Bereich<\/strong><\/p>\n\n\n\n<figure class=\"wp-block-video\"><video height=\"352\" style=\"aspect-ratio: 640 \/ 352;\" width=\"640\" controls src=\"https:\/\/schatzinsel.online\/wp-content\/uploads\/2021\/01\/VID-20210114-WA0006.mp4\"><\/video><\/figure>\n\n\n\n<p><strong>Der \u00dc3 Bereich<\/strong><\/p>\n\n\n\n<figure class=\"wp-block-video\"><video height=\"352\" style=\"aspect-ratio: 640 \/ 352;\" width=\"640\" controls src=\"https:\/\/schatzinsel.online\/wp-content\/uploads\/2021\/01\/VID-20210114-WA0003.mp4\"><\/video><\/figure>\n\n\n\n<p><\/p>\n\n\n\n<p>Grundlage f\u00fcr die Bildungsbereiche und die dazugeh\u00f6rigen Selbstbildungspotenziale ist die Bildungsvereinbarung NRW:<\/p>\n\n\n\n<div class=\"wp-block-file\"><a id=\"wp-block-file--media-935b816e-51d3-44b3-bfc7-55974ac6ecf0\" href=\"https:\/\/schatzinsel.online\/wp-content\/uploads\/2021\/01\/20150529_bildungsvereinbarung_text.pdf\">20150529_bildungsvereinbarung_text<\/a><a href=\"https:\/\/schatzinsel.online\/wp-content\/uploads\/2021\/01\/20150529_bildungsvereinbarung_text.pdf\" class=\"wp-block-file__button wp-element-button\" download aria-describedby=\"wp-block-file--media-935b816e-51d3-44b3-bfc7-55974ac6ecf0\">Herunterladen<\/a><\/div>\n\n\n\n<p><strong>\u00d6ffnungszeiten<\/strong><br>Bei einer Buchungszeit von 25 Stunden:<br>7.30 &#8211; 12.30 Uhr<\/p>\n\n\n\n<p>Bei einer Buchungszeit von 35 Stunden:<br>7.15 &#8211; 14.15 Uhr (inkl. Mittagessen. Kosten zurzeit 87 \u20ac)<br>oder<br>7.30 &#8211; 12.30 Uhr und 14.00 &#8211; 16.00 Uhr<\/p>\n\n\n\n<p>Bei einer Buchungszeit von 45 Stunden:<br>7.15 &#8211; 16.15 Uhr (inkl. Mittagessen. Kosten zurzeit 87 \u20ac)<\/p>\n\n\n\n<p><\/p>\n\n\n\n<p>Jeden Morgen findet ein kleiner <strong>Morgenkreis<\/strong> statt, hier ist Zeit&#8230;<\/p>\n\n\n\n<ul class=\"wp-block-list\">\n<li>f\u00fcr die Spiel- und Erz\u00e4hlrunde<\/li>\n\n\n\n<li>Besonderes zu erleben<\/li>\n\n\n\n<li>f\u00fcr das Kinderparlament <\/li>\n<\/ul>\n\n\n\n<p><\/p>\n\n\n\n<p><strong>Wir haben Erfahrungsr\u00e4ume,<\/strong><\/p>\n\n\n\n<ul class=\"wp-block-list\">\n<li>wo die Kinder in Rollen schl\u00fcpfen k\u00f6nnen<\/li>\n\n\n\n<li>wo kleine K\u00fcnstler gef\u00f6rdert werden<\/li>\n\n\n\n<li>wo kleine Forscher viel entdecken k\u00f6nnen&nbsp;<\/li>\n\n\n\n<li>wo Klettermaxe \u00fcber sich hinauswachsen<\/li>\n\n\n\n<li>wo Leseratten in geheimnisvolle Geschichten eintauchen<\/li>\n<\/ul>\n\n\n\n<p><strong>F\u00fcr den Bereich der Kleinsten achten wir darauf, dass<\/strong><\/p>\n\n\n\n<ul class=\"wp-block-list\">\n<li>alle Sinne angesprochen werden<\/li>\n\n\n\n<li>eine Reiz\u00fcberflutung vermieden wird<\/li>\n\n\n\n<li>viel Platz f\u00fcr Bewegung da ist<\/li>\n\n\n\n<li>selbstst\u00e4ndig Spielsituationen entwickeln werden k\u00f6nnen<\/li>\n\n\n\n<li>schon das Wickeln Beziehungen aufbaut<\/li>\n<\/ul>\n\n\n\n<p><strong>Zus\u00e4tzlich gibt es noch<\/strong><\/p>\n\n\n\n<ul class=\"wp-block-list\">\n<li>ein tolles Au\u00dfengel\u00e4nde<\/li>\n\n\n\n<li>ein gleitendes Fr\u00fchst\u00fccksbuffet <\/li>\n\n\n\n<li>ein leckeres Mittagessen von Lebenswert (<a href=\"https:\/\/www.lebenswert-gastgeber.de\/\">https:\/\/www.lebenswert-gastgeber.de\/<\/a>)<\/li>\n\n\n\n<li>Hallo Gott Runden<\/li>\n\n\n\n<li>eine enge Zusammenarbeit mit der Kirchengemeinde<\/li>\n\n\n\n<li>spannende Nudelgottesdienste<\/li>\n\n\n\n<li>Ausfl\u00fcge und Spazierg\u00e4nge<\/li>\n\n\n\n<li>einen F\u00f6rderverein<\/li>\n\n\n\n<li>viele Feste und sonstige besondere Aktionen<\/li>\n<\/ul>\n\n\n\n<p><strong>Haben wir Ihr Interesse geweckt? Gibt es Fragen oder m\u00f6chten Sie ihr Kind bei uns anmelden<em>?<\/em><\/strong><\/p>\n\n\n\n<p>Rufen Sie uns gerne an.<\/p>\n\n\n\n<p>Wir vereinbaren einen Termin und k\u00f6nnen so Ihre individuellen Fragen beantworten. Zudem haben Sie die M\u00f6glichkeit, die Einrichtung zu besichtigen.<\/p>\n\n\n\n<p>Unsere Telefonnummer ist 0234 \/ 59 36 40.<\/p>\n\n\n\n<p>Wir freuen uns auf Sie. <\/p>\n\n\n\n<p>Eine Anmeldung Ihres Kindes f\u00fcr einen Platz in der &#8222;Schatzinsel&#8220; erfolgt \u00fcber das <a href=\"https:\/\/www.bochum.de\/kitaportal\">KiTa-Portal der Stadt Bochum<\/a>.<\/p>\n","protected":false},"excerpt":{"rendered":"<p>Herzlich Wilkommen, wir sind das evangelische Familienzentrum &#8222;Die Schatzinsel&#8220; und freuen uns, dass sie den Weg zu uns gefunden haben. Auf unserer Homepage haben Sie die M\u00f6glichkeit, sich ein erstes kleines Bild von uns zu verschaffen :). Wir sind ein Teil der evangelischen Kindergartengemeinschaft und unser Tr\u00e4ger ist der Evangelische Kirchenkreis Bochum. Unser gemeinsames Leitbild: [&hellip;]<\/p>\n","protected":false},"author":1,"featured_media":0,"parent":0,"menu_order":0,"comment_status":"closed","ping_status":"closed","template":"","meta":{"footnotes":""},"class_list":["post-22","page","type-page","status-publish","hentry"],"_links":{"self":[{"href":"https:\/\/schatzinsel.online\/index.php?rest_route=\/wp\/v2\/pages\/22","targetHints":{"allow":["GET"]}}],"collection":[{"href":"https:\/\/schatzinsel.online\/index.php?rest_route=\/wp\/v2\/pages"}],"about":[{"href":"https:\/\/schatzinsel.online\/index.php?rest_route=\/wp\/v2\/types\/page"}],"author":[{"embeddable":true,"href":"https:\/\/schatzinsel.online\/index.php?rest_route=\/wp\/v2\/users\/1"}],"replies":[{"embeddable":true,"href":"https:\/\/schatzinsel.online\/index.php?rest_route=%2Fwp%2Fv2%2Fcomments&post=22"}],"version-history":[{"count":25,"href":"https:\/\/schatzinsel.online\/index.php?rest_route=\/wp\/v2\/pages\/22\/revisions"}],"predecessor-version":[{"id":1600,"href":"https:\/\/schatzinsel.online\/index.php?rest_route=\/wp\/v2\/pages\/22\/revisions\/1600"}],"wp:attachment":[{"href":"https:\/\/schatzinsel.online\/index.php?rest_route=%2Fwp%2Fv2%2Fmedia&parent=22"}],"curies":[{"name":"wp","href":"https:\/\/api.w.org\/{rel}","templated":true}]}}