{"id":1309,"date":"2023-08-23T10:27:43","date_gmt":"2023-08-23T08:27:43","guid":{"rendered":"https:\/\/schatzinsel.online\/?page_id=1309"},"modified":"2023-09-15T11:47:59","modified_gmt":"2023-09-15T09:47:59","slug":"familienzentrum","status":"publish","type":"page","link":"https:\/\/schatzinsel.online\/?page_id=1309","title":{"rendered":"Familienzentrum"},"content":{"rendered":"\n<div class=\"wp-block-media-text is-stacked-on-mobile\" style=\"grid-template-columns:26% auto\"><figure class=\"wp-block-media-text__media\"><img loading=\"lazy\" decoding=\"async\" width=\"1024\" height=\"779\" src=\"https:\/\/schatzinsel.online\/wp-content\/uploads\/2023\/09\/logo_fz_rgb-2-1024x779.jpg\" alt=\"\" class=\"wp-image-1330 size-full\" srcset=\"https:\/\/schatzinsel.online\/wp-content\/uploads\/2023\/09\/logo_fz_rgb-2-1024x779.jpg 1024w, https:\/\/schatzinsel.online\/wp-content\/uploads\/2023\/09\/logo_fz_rgb-2-300x228.jpg 300w, https:\/\/schatzinsel.online\/wp-content\/uploads\/2023\/09\/logo_fz_rgb-2-768x584.jpg 768w, https:\/\/schatzinsel.online\/wp-content\/uploads\/2023\/09\/logo_fz_rgb-2.jpg 1377w\" sizes=\"auto, (max-width: 1024px) 100vw, 1024px\" \/><\/figure><div class=\"wp-block-media-text__content\">\n<p class=\"has-text-align-center\"><strong>Wir sind seit 2008 zertifiziertes Familienzentrum. <\/strong><\/p>\n<\/div><\/div>\n\n\n\n<p><\/p>\n\n\n\n<p>Familienzentrum bedeutet f\u00fcr uns, die <strong>Familien<\/strong> zum <strong>Zentrum<\/strong> unserer Aufmerksamkeit zu machen. Das Wohlergehen der Kinder und Familien liegt uns sehr am Herzen daher ist unser Motto                    \u201eGemeinsam geht\u00b4s besser\u201c ist im Alltag sp\u00fcrbar. <\/p>\n\n\n\n<p>Wir verstehen uns als Begegnungs-, Unterst\u00fctzungs- und Erfahrungsort f\u00fcr Klein und Gro\u00df und freuen uns Ihnen mir Rat und Tat zur Seite zu stehen.&nbsp;<\/p>\n\n\n\n<p>Durch die B\u00fcndelung unterschiedlicher Angebote im lokalen Umfeld und die Zusammenarbeit mit Kooperationspartnern kann ein vielf\u00e4ltiges Angebot organisiert und vermittelt werden.<\/p>\n\n\n\n<p>Besondere Angebote in unserem Haus:<\/p>\n\n\n\n<ul class=\"wp-block-list\">\n<li>Elternsprechtage<\/li>\n\n\n\n<li>Aufsuchende Elternarbeit<\/li>\n\n\n\n<li>Elternkurse zur St\u00e4rkung der Elternkompetenz<\/li>\n\n\n\n<li>Yoga f\u00fcr Anf\u00e4nger und Fortgeschrittene<\/li>\n\n\n\n<li>Offene Sprechstunden f\u00fcr Erziehungs- bzw. Familienberatung<\/li>\n\n\n\n<li>Begleitung und Vermittlung weitergehende Beratung<\/li>\n\n\n\n<li>Elternabende mit Referenten<\/li>\n\n\n\n<li>Fr\u00fchst\u00fccks- Erz\u00e4hl-Caf\u00e9<\/li>\n\n\n\n<li>Elterncaf\u00e9 am Nachmittag<\/li>\n\n\n\n<li>Eltern- Kind \u2013 Kurse<\/li>\n\n\n\n<li>Familienfreizeiten<\/li>\n\n\n\n<li>Vermittlung von Tagespflegepersonen<\/li>\n<\/ul>\n\n\n\n<p>Die vielf\u00e4ltigen uns abwechslungsreichen Angebote unseres Familienzentrums und im Stadtteil werden im Alltag, in der Einrichtung und auf unserer Homepage wiedergespiegelt. <\/p>\n\n\n\n<p class=\"has-text-align-center\">Auf unserer &#8222;<strong>Startseite<\/strong>&#8220; und unter &#8222;<strong>Termine&#8220; <\/strong>k\u00f6nnen aktuelle Aktionen eingesehen werden. <\/p>\n","protected":false},"excerpt":{"rendered":"<p>Wir sind seit 2008 zertifiziertes Familienzentrum. Familienzentrum bedeutet f\u00fcr uns, die Familien zum Zentrum unserer Aufmerksamkeit zu machen. Das Wohlergehen der Kinder und Familien liegt uns sehr am Herzen daher ist unser Motto \u201eGemeinsam geht\u00b4s besser\u201c ist im Alltag sp\u00fcrbar. Wir verstehen uns als Begegnungs-, Unterst\u00fctzungs- und Erfahrungsort f\u00fcr Klein und Gro\u00df und freuen uns [&hellip;]<\/p>\n","protected":false},"author":3,"featured_media":0,"parent":0,"menu_order":0,"comment_status":"closed","ping_status":"closed","template":"","meta":{"footnotes":""},"class_list":["post-1309","page","type-page","status-publish","hentry"],"_links":{"self":[{"href":"https:\/\/schatzinsel.online\/index.php?rest_route=\/wp\/v2\/pages\/1309","targetHints":{"allow":["GET"]}}],"collection":[{"href":"https:\/\/schatzinsel.online\/index.php?rest_route=\/wp\/v2\/pages"}],"about":[{"href":"https:\/\/schatzinsel.online\/index.php?rest_route=\/wp\/v2\/types\/page"}],"author":[{"embeddable":true,"href":"https:\/\/schatzinsel.online\/index.php?rest_route=\/wp\/v2\/users\/3"}],"replies":[{"embeddable":true,"href":"https:\/\/schatzinsel.online\/index.php?rest_route=%2Fwp%2Fv2%2Fcomments&post=1309"}],"version-history":[{"count":2,"href":"https:\/\/schatzinsel.online\/index.php?rest_route=\/wp\/v2\/pages\/1309\/revisions"}],"predecessor-version":[{"id":1331,"href":"https:\/\/schatzinsel.online\/index.php?rest_route=\/wp\/v2\/pages\/1309\/revisions\/1331"}],"wp:attachment":[{"href":"https:\/\/schatzinsel.online\/index.php?rest_route=%2Fwp%2Fv2%2Fmedia&parent=1309"}],"curies":[{"name":"wp","href":"https:\/\/api.w.org\/{rel}","templated":true}]}}